{"id":3877,"date":"2025-12-29T01:30:23","date_gmt":"2025-12-29T01:30:23","guid":{"rendered":"https:\/\/gco.sisdef.cl\/?page_id=3877"},"modified":"2026-03-16T21:35:16","modified_gmt":"2026-03-16T21:35:16","slug":"integracion-de-sistemas","status":"publish","type":"page","link":"https:\/\/gco.sisdef.cl\/index.php\/integracion-de-sistemas\/","title":{"rendered":"Integraci\u00f3n de Sistemas"},"content":{"rendered":"<div class=\"wpb-content-wrapper\"><p>[vc_row full_width=\u00bbstretch_row_content_no_spaces\u00bb equal_height=\u00bbyes\u00bb content_placement=\u00bbmiddle\u00bb video_bg=\u00bbyes\u00bb video_bg_url=\u00bbhttps:\/\/www.youtube.com\/watch?v=sxFi4zeQCSY\u00bb video_bg_parallax=\u00bbcontent-moving\u00bb css_animation=\u00bbfadeInUpShort\u00bb bg_type=\u00bbu_iframe\u00bb video_opts=\u00bbloop,muted\u00bb video_poster=\u00bbid^4855|url^https:\/\/gco.sisdef.cl\/wp-content\/uploads\/2026\/03\/Integration-scaled.png|caption^null|alt^null|title^Integration|description^null\u00bb bg_override=\u00bbex-full\u00bb parallax_content=\u00bbparallax_content_value\u00bb parallax_content_sense=\u00bb30&#8243; enable_overlay=\u00bbenable_overlay_value\u00bb overlay_color=\u00bb__USE_THEME_MAIN_COLOR__\u00bb overlay_pattern=\u00bb01.png\u00bb overlay_pattern_opacity=\u00bb30&#8243;][vc_column el_class=\u00bbalign-center\u00bb]<div class=\"ult-spacer spacer-69e1a0fe02e03\" data-id=\"69e1a0fe02e03\" data-height=\"120\" data-height-mobile=\"80\" data-height-tab=\"\" data-height-tab-portrait=\"80\" data-height-mobile-landscape=\"80\" style=\"clear:both;display:block;\"><\/div><div class=\"ult-content-box-container \" >\t\t<div class=\"ult-content-box\" style=\"box-shadow: px px px px none;margin-top:0px;margin-right:70px;margin-bottom:0px;margin-left:70px;-webkit-transition: all 700ms ease;-moz-transition: all 700ms ease;-ms-transition: all 700ms ease;-o-transition: all 700ms ease;transition: all 700ms ease;\"  data-hover_box_shadow=\"none\"   data-responsive_margins=\"margin:0px;\"   data-normal_margins=\"margin-top:0px;margin-right:70px;margin-bottom:0px;margin-left:70px;\"  ><div class=\"ult-animation  ult-animate-viewport  ult-no-mobile \" data-animate=\"fadeInUp\" data-animation-delay=\"1\" data-animation-duration=\"1\" data-animation-iteration=\"1\" style=\"opacity:0;\" data-opacity_start_effect=\"\">[vc_custom_heading text=\u00bbCapacidades Estrat\u00e9gicas\u00bb font_container=\u00bbtag:h1|font_size:3em|text_align:center|color:__USE_THEME_MAIN_COLOR__\u00bb use_theme_fonts=\u00bbyes\u00bb css=\u00bb\u00bb el_class=\u00bblabel-style\u00bb][vc_empty_space height=\u00bb20px\u00bb]<div class=\"aio-icon-component    style_1\"><a class=\"aio-icon-box-link\" ><div id=\"Info-box-wrap-4638\" class=\"aio-icon-box top-icon\" style=\"\"  ><div class=\"aio-icon-top\"><div class=\"ult-just-icon-wrapper  \"><div class=\"align-icon\" style=\"text-align:center;\">\n<div class=\"aio-icon none \"  style=\"color:#ffffff;font-size:64px;display:inline-block;\">\n\t<i class=\"icomoon-gears\"><\/i>\n<\/div><\/div><\/div><\/div><div class=\"aio-icon-header\" ><h1 class=\"aio-icon-title ult-responsive\"  data-ultimate-target='#Info-box-wrap-4638 .aio-icon-title'  data-responsive-json-new='{\"font-size\":\"\",\"line-height\":\"\"}'  style=\"color:#ffffff;\">Integraci\u00f3n de Sistemas<\/h1><\/div> <!-- header --><\/div> <!-- aio-icon-box --><\/a><\/div> <!-- aio-icon-component -->[vc_custom_heading text=\u00bbIntegraci\u00f3n de tecnolog\u00edas y sistemas existentes y nuevos, en soluciones eficientes, que maximizan la interoperabilidad y el rendimiento global.\u00bb font_container=\u00bbtag:h6|text_align:center|color:%23ffffff\u00bb use_theme_fonts=\u00bbyes\u00bb css=\u00bb\u00bb]<div class=\"ult-spacer spacer-69e1a0fe031c6\" data-id=\"69e1a0fe031c6\" data-height=\"40\" data-height-mobile=\"10\" data-height-tab=\"\" data-height-tab-portrait=\"20\" data-height-mobile-landscape=\"10\" style=\"clear:both;display:block;\"><\/div><\/div>\t\t<\/div><\/div><div class=\"ult-spacer spacer-69e1a0fe031ec\" data-id=\"69e1a0fe031ec\" data-height=\"120\" data-height-mobile=\"80\" data-height-tab=\"\" data-height-tab-portrait=\"80\" data-height-mobile-landscape=\"80\" style=\"clear:both;display:block;\"><\/div>[\/vc_column][\/vc_row][vc_row equal_height=\u00bbyes\u00bb content_placement=\u00bbmiddle\u00bb css_animation=\u00bbfadeInUpShort\u00bb enable_overlay=\u00bbenable_overlay_value\u00bb overlay_pattern=\u00bb01.png\u00bb][vc_column el_class=\u00bbalign-center\u00bb]<div class=\"ult-spacer spacer-69e1a0fe03200\" data-id=\"69e1a0fe03200\" data-height=\"40\" data-height-mobile=\"80\" data-height-tab=\"\" data-height-tab-portrait=\"80\" data-height-mobile-landscape=\"80\" style=\"clear:both;display:block;\"><\/div>[vc_column_text css=\u00bb.vc_custom_1773250043151{background-color: rgba(155,155,155,0.24) !important;*background-color: rgb(155,155,155) !important;}\u00bb]<\/p>\n<p style=\"text-align: center;\"><a href=\"https:\/\/gco.sisdef.cl\/index.php\/dominio-situacional\/\">Dominio Situacional<\/a> \u2666 <a href=\"https:\/\/gco.sisdef.cl\/index.php\/comunicaciones-y-redes\/\">Comunicaciones y Redes<\/a> \u2666 <a href=\"https:\/\/gco.sisdef.cl\/index.php\/automatizacion-y-control-de-procesos\/\">Automatizaci\u00f3n y Control de Procesos<\/a> \u2666 <a href=\"https:\/\/gco.sisdef.cl\/index.php\/seguridad-integral\/\">Seguridad Integral<\/a> \u2666 <strong>I<span style=\"color: #993300;\">ntegraci\u00f3n de Sistemas<\/span><\/strong> \u2666 <a href=\"https:\/\/gco.sisdef.cl\/index.php\/asesoria-y-sostenimiento\/\">Asesor\u00eda y Sostenimiento<\/a><\/p>\n<p>[\/vc_column_text]<div class=\"ult-spacer spacer-69e1a0fe03213\" data-id=\"69e1a0fe03213\" data-height=\"40\" data-height-mobile=\"80\" data-height-tab=\"\" data-height-tab-portrait=\"80\" data-height-mobile-landscape=\"80\" style=\"clear:both;display:block;\"><\/div><div id=\"ultimate-heading-894069e1a0fe0323f\" class=\"uvc-heading ult-adjust-bottom-margin ultimate-heading-894069e1a0fe0323f uvc-6857 \" data-hspacer=\"no_spacer\"  data-halign=\"center\" style=\"text-align:center\"><div class=\"uvc-heading-spacer no_spacer\" style=\"top\"><\/div><div class=\"uvc-main-heading ult-responsive\"  data-ultimate-target='.uvc-heading.ultimate-heading-894069e1a0fe0323f h2'  data-responsive-json-new='{\"font-size\":\"\",\"line-height\":\"\"}' ><h2 style=\"font-weight:normal;\">Soluciones aplicadas<\/h2><\/div><\/div>[\/vc_column][\/vc_row][vc_row full_width=\u00bbstretch_row_content\u00bb el_class=\u00bbwide-ipad\u00bb row_title=\u00bbSOLUCIONES\u00bb][vc_column]<div class=\"ult-content-box-container content-box-no-padding-mobile\" >\t\t<div class=\"ult-content-box\" style=\"box-shadow: px px px px none;padding-top:50px;padding-right:100px;padding-bottom:100px;padding-left:200px;-webkit-transition: all 700ms ease;-moz-transition: all 700ms ease;-ms-transition: all 700ms ease;-o-transition: all 700ms ease;transition: all 700ms ease;\"  data-hover_box_shadow=\"none\"    >[vc_row_inner css=\u00bb.vc_custom_1676645466148{padding-right: 0px !important;padding-left: 0px !important;}\u00bb][vc_column_inner width=\u00bb1\/4&#8243;][vc_single_image image=\u00bb5113&#8243; img_size=\u00bblarge\u00bb css=\u00bb\u00bb][\/vc_column_inner][vc_column_inner width=\u00bb3\/4&#8243;][vc_custom_heading text=\u00bbIntegraci\u00f3n de Sistemas\u00bb font_container=\u00bbtag:h5|text_align:left\u00bb use_theme_fonts=\u00bbyes\u00bb css=\u00bb\u00bb][vc_custom_heading text=\u00bbLas capacidades de Integraci\u00f3n de Sistemas de SISDEF permiten dise\u00f1ar, implementar y evolucionar arquitecturas tecnol\u00f3gicas complejas, integrando de forma efectiva sistemas nuevos y legados, incluso cuando provienen de distintos fabricantes, generaciones tecnol\u00f3gicas o dominios operacionales. Estas soluciones aseguran la interoperabilidad entre plataformas, sensores, sistemas de mando, comunicaciones y aplicaciones cr\u00edticas, consolidando la informaci\u00f3n en entornos comunes de operaci\u00f3n y apoyo a la decisi\u00f3n.<br \/>\nA trav\u00e9s de enfoques modulares, uso de est\u00e1ndares abiertos y una profunda experiencia en la gesti\u00f3n de sistemas de misi\u00f3n cr\u00edtica, SISDEF protege la inversi\u00f3n existente de sus clientes y habilita una modernizaci\u00f3n progresiva y controlada. Esta capacidad resulta fundamental para garantizar continuidad operacional, escalabilidad y confiabilidad en el largo plazo, especialmente en organizaciones de defensa y seguridad que operan en escenarios exigentes y de alta complejidad.\u00bb font_container=\u00bbtag:p|text_align:left\u00bb use_theme_fonts=\u00bbyes\u00bb css=\u00bb\u00bb][\/vc_column_inner][\/vc_row_inner]\t\t<\/div><\/div>[\/vc_column][\/vc_row]<\/p>\n<\/div>","protected":false},"excerpt":{"rendered":"<p>[vc_row full_width=\u00bbstretch_row_content_no_spaces\u00bb equal_height=\u00bbyes\u00bb content_placement=\u00bbmiddle\u00bb video_bg=\u00bbyes\u00bb video_bg_url=\u00bbhttps:\/\/www.youtube.com\/watch?v=sxFi4zeQCSY\u00bb video_bg_parallax=\u00bbcontent-moving\u00bb css_animation=\u00bbfadeInUpShort\u00bb bg_type=\u00bbu_iframe\u00bb video_opts=\u00bbloop,muted\u00bb video_poster=\u00bbid^4855|url^https:\/\/gco.sisdef.cl\/wp-content\/uploads\/2026\/03\/Integration-scaled.png|caption^null|alt^null|title^Integration|description^null\u00bb bg_override=\u00bbex-full\u00bb parallax_content=\u00bbparallax_content_value\u00bb parallax_content_sense=\u00bb30&#8243; enable_overlay=\u00bbenable_overlay_value\u00bb overlay_color=\u00bb__USE_THEME_MAIN_COLOR__\u00bb overlay_pattern=\u00bb01.png\u00bb overlay_pattern_opacity=\u00bb30&#8243;][vc_column el_class=\u00bbalign-center\u00bb][\/vc_column][\/vc_row][vc_row equal_height=\u00bbyes\u00bb content_placement=\u00bbmiddle\u00bb css_animation=\u00bbfadeInUpShort\u00bb enable_overlay=\u00bbenable_overlay_value\u00bb overlay_pattern=\u00bb01.png\u00bb][vc_column el_class=\u00bbalign-center\u00bb][vc_column_text css=\u00bb.vc_custom_1773250043151{background-color: rgba(155,155,155,0.24) !important;*background-color: rgb(155,155,155) !important;}\u00bb] Dominio Situacional \u2666 Comunicaciones y Redes \u2666 Automatizaci\u00f3n y Control de Procesos \u2666 Seguridad Integral \u2666 Integraci\u00f3n de Sistemas \u2666 Asesor\u00eda y Sostenimiento [\/vc_column_text][\/vc_column][\/vc_row][vc_row full_width=\u00bbstretch_row_content\u00bb [&hellip;]<\/p>\n","protected":false},"author":1,"featured_media":0,"parent":0,"menu_order":0,"comment_status":"closed","ping_status":"closed","template":"page.php","meta":{"footnotes":""},"class_list":["post-3877","page","type-page","status-publish","hentry"],"yoast_head":"<!-- This site is optimized with the Yoast SEO plugin v26.6 - https:\/\/yoast.com\/wordpress\/plugins\/seo\/ -->\n<title>Integraci\u00f3n de Sistemas - SISDEF | Ingenier\u00eda e Integraci\u00f3n<\/title>\n<meta name=\"robots\" content=\"index, follow, max-snippet:-1, max-image-preview:large, max-video-preview:-1\" \/>\n<link rel=\"canonical\" href=\"https:\/\/gco.sisdef.cl\/index.php\/integracion-de-sistemas\/\" \/>\n<meta property=\"og:locale\" content=\"es_ES\" \/>\n<meta property=\"og:type\" content=\"article\" \/>\n<meta property=\"og:title\" content=\"Integraci\u00f3n de Sistemas - SISDEF | Ingenier\u00eda e Integraci\u00f3n\" \/>\n<meta property=\"og:description\" content=\"[vc_row full_width=\u00bbstretch_row_content_no_spaces\u00bb equal_height=\u00bbyes\u00bb content_placement=\u00bbmiddle\u00bb video_bg=\u00bbyes\u00bb video_bg_url=\u00bbhttps:\/\/www.youtube.com\/watch?v=sxFi4zeQCSY\u00bb video_bg_parallax=\u00bbcontent-moving\u00bb css_animation=\u00bbfadeInUpShort\u00bb bg_type=\u00bbu_iframe\u00bb video_opts=\u00bbloop,muted\u00bb video_poster=\u00bbid^4855|url^https:\/\/gco.sisdef.cl\/wp-content\/uploads\/2026\/03\/Integration-scaled.png|caption^null|alt^null|title^Integration|description^null\u00bb bg_override=\u00bbex-full\u00bb parallax_content=\u00bbparallax_content_value\u00bb parallax_content_sense=\u00bb30&#8243; enable_overlay=\u00bbenable_overlay_value\u00bb overlay_color=\u00bb__USE_THEME_MAIN_COLOR__\u00bb overlay_pattern=\u00bb01.png\u00bb overlay_pattern_opacity=\u00bb30&#8243;][vc_column el_class=\u00bbalign-center\u00bb][\/vc_column][\/vc_row][vc_row equal_height=\u00bbyes\u00bb content_placement=\u00bbmiddle\u00bb css_animation=\u00bbfadeInUpShort\u00bb enable_overlay=\u00bbenable_overlay_value\u00bb overlay_pattern=\u00bb01.png\u00bb][vc_column el_class=\u00bbalign-center\u00bb][vc_column_text css=\u00bb.vc_custom_1773250043151{background-color: rgba(155,155,155,0.24) !important;*background-color: rgb(155,155,155) !important;}\u00bb] Dominio Situacional \u2666 Comunicaciones y Redes \u2666 Automatizaci\u00f3n y Control de Procesos \u2666 Seguridad Integral \u2666 Integraci\u00f3n de Sistemas \u2666 Asesor\u00eda y Sostenimiento [\/vc_column_text][\/vc_column][\/vc_row][vc_row full_width=\u00bbstretch_row_content\u00bb [&hellip;]\" \/>\n<meta property=\"og:url\" content=\"https:\/\/gco.sisdef.cl\/index.php\/integracion-de-sistemas\/\" \/>\n<meta property=\"og:site_name\" content=\"SISDEF | Ingenier\u00eda e Integraci\u00f3n\" \/>\n<meta property=\"article:modified_time\" content=\"2026-03-16T21:35:16+00:00\" \/>\n<meta name=\"twitter:card\" content=\"summary_large_image\" \/>\n<meta name=\"twitter:label1\" content=\"Tiempo de lectura\" \/>\n\t<meta name=\"twitter:data1\" content=\"3 minutos\" \/>\n<script type=\"application\/ld+json\" class=\"yoast-schema-graph\">{\"@context\":\"https:\/\/schema.org\",\"@graph\":[{\"@type\":\"WebPage\",\"@id\":\"https:\/\/gco.sisdef.cl\/index.php\/integracion-de-sistemas\/\",\"url\":\"https:\/\/gco.sisdef.cl\/index.php\/integracion-de-sistemas\/\",\"name\":\"Integraci\u00f3n de Sistemas - SISDEF | Ingenier\u00eda e Integraci\u00f3n\",\"isPartOf\":{\"@id\":\"https:\/\/gco.sisdef.cl\/#website\"},\"datePublished\":\"2025-12-29T01:30:23+00:00\",\"dateModified\":\"2026-03-16T21:35:16+00:00\",\"breadcrumb\":{\"@id\":\"https:\/\/gco.sisdef.cl\/index.php\/integracion-de-sistemas\/#breadcrumb\"},\"inLanguage\":\"es\",\"potentialAction\":[{\"@type\":\"ReadAction\",\"target\":[\"https:\/\/gco.sisdef.cl\/index.php\/integracion-de-sistemas\/\"]}]},{\"@type\":\"BreadcrumbList\",\"@id\":\"https:\/\/gco.sisdef.cl\/index.php\/integracion-de-sistemas\/#breadcrumb\",\"itemListElement\":[{\"@type\":\"ListItem\",\"position\":1,\"name\":\"Portada\",\"item\":\"https:\/\/gco.sisdef.cl\/\"},{\"@type\":\"ListItem\",\"position\":2,\"name\":\"Integraci\u00f3n de Sistemas\"}]},{\"@type\":\"WebSite\",\"@id\":\"https:\/\/gco.sisdef.cl\/#website\",\"url\":\"https:\/\/gco.sisdef.cl\/\",\"name\":\"SISDEF | Ingenier\u00eda e Integraci\u00f3n\",\"description\":\"Desarrollamos soluciones que integran sistemas y tecnolog\u00edas aplicadas a la defensa, seguridad, miner\u00eda y al \u00e1mbito mar\u00edtimo e industrial.\",\"potentialAction\":[{\"@type\":\"SearchAction\",\"target\":{\"@type\":\"EntryPoint\",\"urlTemplate\":\"https:\/\/gco.sisdef.cl\/?s={search_term_string}\"},\"query-input\":{\"@type\":\"PropertyValueSpecification\",\"valueRequired\":true,\"valueName\":\"search_term_string\"}}],\"inLanguage\":\"es\"}]}<\/script>\n<!-- \/ Yoast SEO plugin. -->","yoast_head_json":{"title":"Integraci\u00f3n de Sistemas - SISDEF | Ingenier\u00eda e Integraci\u00f3n","robots":{"index":"index","follow":"follow","max-snippet":"max-snippet:-1","max-image-preview":"max-image-preview:large","max-video-preview":"max-video-preview:-1"},"canonical":"https:\/\/gco.sisdef.cl\/index.php\/integracion-de-sistemas\/","og_locale":"es_ES","og_type":"article","og_title":"Integraci\u00f3n de Sistemas - SISDEF | Ingenier\u00eda e Integraci\u00f3n","og_description":"[vc_row full_width=\u00bbstretch_row_content_no_spaces\u00bb equal_height=\u00bbyes\u00bb content_placement=\u00bbmiddle\u00bb video_bg=\u00bbyes\u00bb video_bg_url=\u00bbhttps:\/\/www.youtube.com\/watch?v=sxFi4zeQCSY\u00bb video_bg_parallax=\u00bbcontent-moving\u00bb css_animation=\u00bbfadeInUpShort\u00bb bg_type=\u00bbu_iframe\u00bb video_opts=\u00bbloop,muted\u00bb video_poster=\u00bbid^4855|url^https:\/\/gco.sisdef.cl\/wp-content\/uploads\/2026\/03\/Integration-scaled.png|caption^null|alt^null|title^Integration|description^null\u00bb bg_override=\u00bbex-full\u00bb parallax_content=\u00bbparallax_content_value\u00bb parallax_content_sense=\u00bb30&#8243; enable_overlay=\u00bbenable_overlay_value\u00bb overlay_color=\u00bb__USE_THEME_MAIN_COLOR__\u00bb overlay_pattern=\u00bb01.png\u00bb overlay_pattern_opacity=\u00bb30&#8243;][vc_column el_class=\u00bbalign-center\u00bb][\/vc_column][\/vc_row][vc_row equal_height=\u00bbyes\u00bb content_placement=\u00bbmiddle\u00bb css_animation=\u00bbfadeInUpShort\u00bb enable_overlay=\u00bbenable_overlay_value\u00bb overlay_pattern=\u00bb01.png\u00bb][vc_column el_class=\u00bbalign-center\u00bb][vc_column_text css=\u00bb.vc_custom_1773250043151{background-color: rgba(155,155,155,0.24) !important;*background-color: rgb(155,155,155) !important;}\u00bb] Dominio Situacional \u2666 Comunicaciones y Redes \u2666 Automatizaci\u00f3n y Control de Procesos \u2666 Seguridad Integral \u2666 Integraci\u00f3n de Sistemas \u2666 Asesor\u00eda y Sostenimiento [\/vc_column_text][\/vc_column][\/vc_row][vc_row full_width=\u00bbstretch_row_content\u00bb [&hellip;]","og_url":"https:\/\/gco.sisdef.cl\/index.php\/integracion-de-sistemas\/","og_site_name":"SISDEF | Ingenier\u00eda e Integraci\u00f3n","article_modified_time":"2026-03-16T21:35:16+00:00","twitter_card":"summary_large_image","twitter_misc":{"Tiempo de lectura":"3 minutos"},"schema":{"@context":"https:\/\/schema.org","@graph":[{"@type":"WebPage","@id":"https:\/\/gco.sisdef.cl\/index.php\/integracion-de-sistemas\/","url":"https:\/\/gco.sisdef.cl\/index.php\/integracion-de-sistemas\/","name":"Integraci\u00f3n de Sistemas - SISDEF | Ingenier\u00eda e Integraci\u00f3n","isPartOf":{"@id":"https:\/\/gco.sisdef.cl\/#website"},"datePublished":"2025-12-29T01:30:23+00:00","dateModified":"2026-03-16T21:35:16+00:00","breadcrumb":{"@id":"https:\/\/gco.sisdef.cl\/index.php\/integracion-de-sistemas\/#breadcrumb"},"inLanguage":"es","potentialAction":[{"@type":"ReadAction","target":["https:\/\/gco.sisdef.cl\/index.php\/integracion-de-sistemas\/"]}]},{"@type":"BreadcrumbList","@id":"https:\/\/gco.sisdef.cl\/index.php\/integracion-de-sistemas\/#breadcrumb","itemListElement":[{"@type":"ListItem","position":1,"name":"Portada","item":"https:\/\/gco.sisdef.cl\/"},{"@type":"ListItem","position":2,"name":"Integraci\u00f3n de Sistemas"}]},{"@type":"WebSite","@id":"https:\/\/gco.sisdef.cl\/#website","url":"https:\/\/gco.sisdef.cl\/","name":"SISDEF | Ingenier\u00eda e Integraci\u00f3n","description":"Desarrollamos soluciones que integran sistemas y tecnolog\u00edas aplicadas a la defensa, seguridad, miner\u00eda y al \u00e1mbito mar\u00edtimo e industrial.","potentialAction":[{"@type":"SearchAction","target":{"@type":"EntryPoint","urlTemplate":"https:\/\/gco.sisdef.cl\/?s={search_term_string}"},"query-input":{"@type":"PropertyValueSpecification","valueRequired":true,"valueName":"search_term_string"}}],"inLanguage":"es"}]}},"_links":{"self":[{"href":"https:\/\/gco.sisdef.cl\/index.php\/wp-json\/wp\/v2\/pages\/3877","targetHints":{"allow":["GET"]}}],"collection":[{"href":"https:\/\/gco.sisdef.cl\/index.php\/wp-json\/wp\/v2\/pages"}],"about":[{"href":"https:\/\/gco.sisdef.cl\/index.php\/wp-json\/wp\/v2\/types\/page"}],"author":[{"embeddable":true,"href":"https:\/\/gco.sisdef.cl\/index.php\/wp-json\/wp\/v2\/users\/1"}],"replies":[{"embeddable":true,"href":"https:\/\/gco.sisdef.cl\/index.php\/wp-json\/wp\/v2\/comments?post=3877"}],"version-history":[{"count":28,"href":"https:\/\/gco.sisdef.cl\/index.php\/wp-json\/wp\/v2\/pages\/3877\/revisions"}],"predecessor-version":[{"id":5208,"href":"https:\/\/gco.sisdef.cl\/index.php\/wp-json\/wp\/v2\/pages\/3877\/revisions\/5208"}],"wp:attachment":[{"href":"https:\/\/gco.sisdef.cl\/index.php\/wp-json\/wp\/v2\/media?parent=3877"}],"curies":[{"name":"wp","href":"https:\/\/api.w.org\/{rel}","templated":true}]}}